{"id":2787,"date":"2022-08-29T02:49:40","date_gmt":"2022-08-29T02:49:40","guid":{"rendered":"https:\/\/anadragu.ro\/?page_id=2787"},"modified":"2023-01-06T12:07:48","modified_gmt":"2023-01-06T12:07:48","slug":"curriculum-vitae","status":"publish","type":"page","link":"https:\/\/anadragu.ro\/en\/curriculum-vitae\/","title":{"rendered":"Curriculum Vitae"},"content":{"rendered":"<div data-elementor-type=\"wp-page\" data-elementor-id=\"2787\" class=\"elementor elementor-2787\">\n\t\t\t\t\t\t\t\t\t<section class=\"elementor-section elementor-top-section elementor-element elementor-element-95d7e0c elementor-section-boxed elementor-section-height-default elementor-section-height-default\" data-id=\"95d7e0c\" data-element_type=\"section\">\n\t\t\t\t\t\t<div class=\"elementor-container elementor-column-gap-default\">\n\t\t\t\t\t<div class=\"elementor-column elementor-col-100 elementor-top-column elementor-element elementor-element-1c526d5\" data-id=\"1c526d5\" data-element_type=\"column\">\n\t\t\t<div class=\"elementor-widget-wrap elementor-element-populated\">\n\t\t\t\t\t\t\t\t<div class=\"elementor-element elementor-element-256b867 elementor-widget elementor-widget-image\" data-id=\"256b867\" data-element_type=\"widget\" data-settings=\"{&quot;vlt_wow_animation_name&quot;:&quot;none&quot;}\" data-widget_type=\"image.default\">\n\t\t\t\t<div class=\"elementor-widget-container\">\n\t\t\t<style>\/*! elementor - v3.7.4 - 31-08-2022 *\/\n.elementor-widget-image{text-align:center}.elementor-widget-image a{display:inline-block}.elementor-widget-image a img[src$=\".svg\"]{width:48px}.elementor-widget-image img{vertical-align:middle;display:inline-block}<\/style>\t\t\t\t\t\t\t\t\t\t\t\t<img decoding=\"async\" width=\"290\" height=\"300\" src=\"https:\/\/anadragu.ro\/wp-content\/uploads\/2022\/09\/ana_2-1-290x300.png\" class=\"attachment-medium size-medium\" alt=\"\" loading=\"lazy\" srcset=\"https:\/\/anadragu.ro\/wp-content\/uploads\/2022\/09\/ana_2-1-290x300.png 290w, https:\/\/anadragu.ro\/wp-content\/uploads\/2022\/09\/ana_2-1-12x12.png 12w, https:\/\/anadragu.ro\/wp-content\/uploads\/2022\/09\/ana_2-1.png 350w\" sizes=\"(max-width: 290px) 100vw, 290px\" \/>\t\t\t\t\t\t\t\t\t\t\t\t\t\t\t<\/div>\n\t\t\t\t<\/div>\n\t\t\t\t<div class=\"elementor-element elementor-element-418db45 elementor-widget elementor-widget-heading\" data-id=\"418db45\" data-element_type=\"widget\" data-settings=\"{&quot;vlt_wow_animation_name&quot;:&quot;none&quot;}\" data-widget_type=\"heading.default\">\n\t\t\t\t<div class=\"elementor-widget-container\">\n\t\t\t<style>\/*! elementor - v3.7.4 - 31-08-2022 *\/\n.elementor-heading-title{padding:0;margin:0;line-height:1}.elementor-widget-heading .elementor-heading-title[class*=elementor-size-]>a{color:inherit;font-size:inherit;line-height:inherit}.elementor-widget-heading .elementor-heading-title.elementor-size-small{font-size:15px}.elementor-widget-heading .elementor-heading-title.elementor-size-medium{font-size:19px}.elementor-widget-heading .elementor-heading-title.elementor-size-large{font-size:29px}.elementor-widget-heading .elementor-heading-title.elementor-size-xl{font-size:39px}.elementor-widget-heading .elementor-heading-title.elementor-size-xxl{font-size:59px}<\/style><h2 class=\"elementor-heading-title elementor-size-default\">Curriculum Vitae<\/h2>\t\t<\/div>\n\t\t\t\t<\/div>\n\t\t\t\t<div class=\"elementor-element elementor-element-623d081 elementor-widget-divider--view-line elementor-widget elementor-widget-divider\" data-id=\"623d081\" data-element_type=\"widget\" data-settings=\"{&quot;vlt_wow_animation_name&quot;:&quot;none&quot;}\" data-widget_type=\"divider.default\">\n\t\t\t\t<div class=\"elementor-widget-container\">\n\t\t\t<style>\/*! elementor - v3.7.4 - 31-08-2022 *\/\n.elementor-widget-divider{--divider-border-style:none;--divider-border-width:1px;--divider-color:#2c2c2c;--divider-icon-size:20px;--divider-element-spacing:10px;--divider-pattern-height:24px;--divider-pattern-size:20px;--divider-pattern-url:none;--divider-pattern-repeat:repeat-x}.elementor-widget-divider .elementor-divider{display:-webkit-box;display:-ms-flexbox;display:flex}.elementor-widget-divider .elementor-divider__text{font-size:15px;line-height:1;max-width:95%}.elementor-widget-divider .elementor-divider__element{margin:0 var(--divider-element-spacing);-ms-flex-negative:0;flex-shrink:0}.elementor-widget-divider .elementor-icon{font-size:var(--divider-icon-size)}.elementor-widget-divider .elementor-divider-separator{display:-webkit-box;display:-ms-flexbox;display:flex;margin:0;direction:ltr}.elementor-widget-divider--view-line_icon .elementor-divider-separator,.elementor-widget-divider--view-line_text .elementor-divider-separator{-webkit-box-align:center;-ms-flex-align:center;align-items:center}.elementor-widget-divider--view-line_icon .elementor-divider-separator:after,.elementor-widget-divider--view-line_icon .elementor-divider-separator:before,.elementor-widget-divider--view-line_text .elementor-divider-separator:after,.elementor-widget-divider--view-line_text .elementor-divider-separator:before{display:block;content:\"\";border-bottom:0;-webkit-box-flex:1;-ms-flex-positive:1;flex-grow:1;border-top:var(--divider-border-width) var(--divider-border-style) var(--divider-color)}.elementor-widget-divider--element-align-left .elementor-divider .elementor-divider-separator>.elementor-divider__svg:first-of-type{-webkit-box-flex:0;-ms-flex-positive:0;flex-grow:0;-ms-flex-negative:100;flex-shrink:100}.elementor-widget-divider--element-align-left .elementor-divider-separator:before{content:none}.elementor-widget-divider--element-align-left .elementor-divider__element{margin-left:0}.elementor-widget-divider--element-align-right .elementor-divider .elementor-divider-separator>.elementor-divider__svg:last-of-type{-webkit-box-flex:0;-ms-flex-positive:0;flex-grow:0;-ms-flex-negative:100;flex-shrink:100}.elementor-widget-divider--element-align-right .elementor-divider-separator:after{content:none}.elementor-widget-divider--element-align-right .elementor-divider__element{margin-right:0}.elementor-widget-divider:not(.elementor-widget-divider--view-line_text):not(.elementor-widget-divider--view-line_icon) .elementor-divider-separator{border-top:var(--divider-border-width) var(--divider-border-style) var(--divider-color)}.elementor-widget-divider--separator-type-pattern{--divider-border-style:none}.elementor-widget-divider--separator-type-pattern.elementor-widget-divider--view-line .elementor-divider-separator,.elementor-widget-divider--separator-type-pattern:not(.elementor-widget-divider--view-line) .elementor-divider-separator:after,.elementor-widget-divider--separator-type-pattern:not(.elementor-widget-divider--view-line) .elementor-divider-separator:before,.elementor-widget-divider--separator-type-pattern:not([class*=elementor-widget-divider--view]) .elementor-divider-separator{width:100%;min-height:var(--divider-pattern-height);-webkit-mask-size:var(--divider-pattern-size) 100%;mask-size:var(--divider-pattern-size) 100%;-webkit-mask-repeat:var(--divider-pattern-repeat);mask-repeat:var(--divider-pattern-repeat);background-color:var(--divider-color);-webkit-mask-image:var(--divider-pattern-url);mask-image:var(--divider-pattern-url)}.elementor-widget-divider--no-spacing{--divider-pattern-size:auto}.elementor-widget-divider--bg-round{--divider-pattern-repeat:round}.rtl .elementor-widget-divider .elementor-divider__text{direction:rtl}.e-container>.elementor-widget-divider{width:var(--container-widget-width,100%);--flex-grow:var(--container-widget-flex-grow,0)}<\/style>\t\t<div class=\"elementor-divider\">\n\t\t\t<span class=\"elementor-divider-separator\">\n\t\t\t\t\t\t<\/span>\n\t\t<\/div>\n\t\t\t\t<\/div>\n\t\t\t\t<\/div>\n\t\t\t\t\t<\/div>\n\t\t<\/div>\n\t\t\t\t\t\t\t<\/div>\n\t\t<\/section>\n\t\t\t\t<section class=\"elementor-section elementor-top-section elementor-element elementor-element-9d04f84 elementor-section-boxed elementor-section-height-default elementor-section-height-default\" data-id=\"9d04f84\" data-element_type=\"section\">\n\t\t\t\t\t\t<div class=\"elementor-container elementor-column-gap-default\">\n\t\t\t\t\t<div class=\"elementor-column elementor-col-100 elementor-top-column elementor-element elementor-element-d161b86\" data-id=\"d161b86\" data-element_type=\"column\">\n\t\t\t<div class=\"elementor-widget-wrap elementor-element-populated\">\n\t\t\t\t\t\t\t\t<div class=\"elementor-element elementor-element-497bd3f elementor-widget elementor-widget-vlt-button\" data-id=\"497bd3f\" data-element_type=\"widget\" data-settings=\"{&quot;vlt_wow_animation_name&quot;:&quot;none&quot;}\" data-widget_type=\"vlt-button.default\">\n\t\t\t\t<div class=\"elementor-widget-container\">\n\t\t\t\n\t\t<a class=\"vlt-btn vlt-btn--md vlt-btn--primary\" role=\"button\" href=\"https:\/\/anadragu.ro\/wp-content\/uploads\/2022\/09\/Dragu-Ana-Psihoterapeut-CBT-CV.pdf\">\n\t\t\tDownload CV\t\t<\/a>\n\n\t\t\t\t<\/div>\n\t\t\t\t<\/div>\n\t\t\t\t<div class=\"elementor-element elementor-element-a96aebc elementor-widget elementor-widget-text-editor\" data-id=\"a96aebc\" data-element_type=\"widget\" data-settings=\"{&quot;vlt_wow_animation_name&quot;:&quot;none&quot;}\" data-widget_type=\"text-editor.default\">\n\t\t\t\t<div class=\"elementor-widget-container\">\n\t\t\t<style>\/*! elementor - v3.7.4 - 31-08-2022 *\/\n.elementor-widget-text-editor.elementor-drop-cap-view-stacked .elementor-drop-cap{background-color:#818a91;color:#fff}.elementor-widget-text-editor.elementor-drop-cap-view-framed .elementor-drop-cap{color:#818a91;border:3px solid;background-color:transparent}.elementor-widget-text-editor:not(.elementor-drop-cap-view-default) .elementor-drop-cap{margin-top:8px}.elementor-widget-text-editor:not(.elementor-drop-cap-view-default) .elementor-drop-cap-letter{width:1em;height:1em}.elementor-widget-text-editor .elementor-drop-cap{float:left;text-align:center;line-height:1;font-size:50px}.elementor-widget-text-editor .elementor-drop-cap-letter{display:inline-block}<\/style>\t\t\t\t<p><strong>PERSONAL INFORMATION\u00a0 \u00a0 \u00a0 \u00a0 \u00a0\u00a0<\/strong><\/p><p><strong>Name:<\/strong>\u00a0 Dragu Ana<\/p><p><strong>Phone: <\/strong>+40 751 917406\u00a0\u00a0\u00a0\u00a0\u00a0\u00a0<\/p><p><strong>E-mail: <\/strong>anadragu@gmail.com<\/p><p><strong>Profession:<\/strong> Psiholog clinician, Psihoterapeut CBT<\/p><p><strong>EXPERIENCE:<\/strong><\/p><p><strong>From<\/strong> 2021-2022<\/p><p><strong>Position: <\/strong>Psiholog clinician, Spitalul Jude\u021bean de Urgen\u021b\u0103 Bistri\u021ba, sec\u021bia Anestezie \u0219i Terapie Intensiv\u0103<\/p><p><strong>From<\/strong> 2007-present<\/p><p><strong>Position:<\/strong> NGO president, Therapy center manager, Clinical psychologist, psychotherapist<\/p><p><strong>Rersponsabilities:<\/strong>\u00a0<\/p><ul><li>Development of personalized therapeutic programs and monitoring of recuperative therapy for children and adults<\/li><li>Project management<\/li><li>Clinical evaluation<\/li><li>Cognitive behavioral psychotherapy<\/li><li>Applied behavioral analysis<\/li><\/ul><p><strong>From<\/strong> 2015-2016<\/p><p><strong>Position: <\/strong>Autorised courses creator<\/p><p><strong>Rersponsabilities:<\/strong><\/p><ul><li>Development and delivery of training courses for parents of children with autism spectrum disorders and other special educational requirements, teaching staff, specialists<\/li><\/ul><p><strong>Type of business or sector: <\/strong>Course design and delivery ~Techniques for behavioral modeling of children with SEN, course design and delivery ~Techniques for effective integration of children with learning difficulties<\/p><p><strong>From <\/strong>2001-2009<\/p><p><strong>Position: <\/strong>News officer<\/p><p><strong>The main activities and responsibilities<\/strong>\u00a0<\/p><ul><li>Editing of investigations, reports, news<\/li><\/ul><p><strong>Name and address of employer: <\/strong>The Romanian Broadcasting Society, Messenger of Bistri\u0163a-N\u0103s\u0103ud, CityNews, Romania Liber\u0103, AS-TV Bistri\u0163a<\/p><p><strong>Type of business or sector:<\/strong> Media<\/p><p><b>Education and training<\/b><\/p><p><strong>From <\/strong>2018 -present<\/p><p>Academia Romana \u2013 Institutul de Filosofie si Psihologie \"Constantin Radulescu-Motru\"<\/p><p><strong>Domain:<\/strong>\u00a0Psychology<\/p><p><strong>From<\/strong>\u00a02016-2018<\/p><p><strong>Diploma:<\/strong> <strong>ob\u0163inut\u0103: M<\/strong>Masters degree in psychology<\/p><p><strong>Domain: <\/strong>Cognitive behavioural therapy<\/p><p><strong>University:<\/strong> Universitatea Babe\u015f \u2013 Bolyai Cluj-Napoca\nFacultatea de Psihologie \u015fi \u015etiin\u0163ele Educa\u0163iei<\/p><p>Faculty of Psychology and Educational Sciences<\/p><p><strong>Classification level of the form of education \/ training:<\/strong>\u00a0Masters degree -  \u00ab Psychological techniques of behaviour control and the development of human potential \u00bbUBB  Cluj Napoca, Facultatea de Psihologie \u015fi \u015etiin\u0163ele Educa\u0163iei<\/p><p><strong>From<\/strong>\u00a02015-2018<\/p><p><strong>Diploma:<\/strong>\u00a0Registered behavioural technician - Behavior Analyst Certification Board<\/p><p><strong>Domain:\u00a0 <\/strong>Applied behavioral analysis<\/p><p><strong>University:<\/strong> Behavior Analyst Certification Board<\/p><p><strong>Classification level of the form of education \/ training:<\/strong> University<\/p><p><strong>From<\/strong> 2013-2016<\/p><p><strong>Diploma:<\/strong> Psychology graduate<\/p><p><strong>Domain: <\/strong>Psychology<\/p><p><strong>University:<\/strong> Universitatea Babe\u015f \u2013 Bolyai Cluj-Napoca\nFacultatea de Psihologie \u015fi \u015etiin\u0163ele Educa\u0163iei<\/p><p>Faculty of Psychology and Educational Sciences<\/p><p><strong>From<\/strong> 2004-2008\u00a0\u00a0\u00a0\u00a0\u00a0\u00a0\u00a0\u00a0\u00a0\u00a0\u00a0<\/p><p><strong>Calificarea\/diploma ob\u021binut\u0103:<\/strong> Licen\u0163\u0103\u00a0<\/p><p><strong>Domain: <\/strong>European Studies<\/p><p><strong>University: <\/strong>Spiru Haret University<\/p><p>Faculty of European Studies and International Relations\u00a0\u00a0\u00a0\u00a0\u00a0\u00a0\u00a0\u00a0\u00a0\u00a0\u00a0\u00a0\u00a0\u00a0\u00a0<\/p><p>University<\/p><p><strong>Languages: <\/strong>Romanian, english, french<\/p>\t\t\t\t\t\t<\/div>\n\t\t\t\t<\/div>\n\t\t\t\t\t<\/div>\n\t\t<\/div>\n\t\t\t\t\t\t\t<\/div>\n\t\t<\/section>\n\t\t\t\t\t\t\t<\/div>","protected":false},"excerpt":{"rendered":"<p>Curriculum Vitae Descarc\u0103 CV-ul INFORMA\u021aII PERSONALE\u00a0 \u00a0 \u00a0 \u00a0 \u00a0\u00a0 Nume \/ Prenume:\u00a0 Dragu Ana Telefon: +40 751 917406\u00a0\u00a0\u00a0\u00a0\u00a0\u00a0 E-mail: anadragu@gmail.com Profesia: Psiholog clinician, Psihoterapeut CBT EXPERIEN\u021a\u0102 PROFESIONAL\u0102 Perioada: 2021-2022 Func\u0163ia sau postul ocupat: Psiholog clinician, Spitalul Jude\u021bean de Urgen\u021b\u0103 Bistri\u021ba, sec\u021bia Anestezie \u0219i Terapie Intensiv\u0103 Perioada: \u00cencep\u00e2nd cu 2007-prezent Func\u0163ia sau postul ocupat: Psiholog,<\/p>","protected":false},"author":1,"featured_media":0,"parent":0,"menu_order":0,"comment_status":"closed","ping_status":"closed","template":"elementor_header_footer","meta":{"_mi_skip_tracking":false},"_links":{"self":[{"href":"https:\/\/anadragu.ro\/en\/wp-json\/wp\/v2\/pages\/2787"}],"collection":[{"href":"https:\/\/anadragu.ro\/en\/wp-json\/wp\/v2\/pages"}],"about":[{"href":"https:\/\/anadragu.ro\/en\/wp-json\/wp\/v2\/types\/page"}],"author":[{"embeddable":true,"href":"https:\/\/anadragu.ro\/en\/wp-json\/wp\/v2\/users\/1"}],"replies":[{"embeddable":true,"href":"https:\/\/anadragu.ro\/en\/wp-json\/wp\/v2\/comments?post=2787"}],"version-history":[{"count":41,"href":"https:\/\/anadragu.ro\/en\/wp-json\/wp\/v2\/pages\/2787\/revisions"}],"predecessor-version":[{"id":3156,"href":"https:\/\/anadragu.ro\/en\/wp-json\/wp\/v2\/pages\/2787\/revisions\/3156"}],"wp:attachment":[{"href":"https:\/\/anadragu.ro\/en\/wp-json\/wp\/v2\/media?parent=2787"}],"curies":[{"name":"wp","href":"https:\/\/api.w.org\/{rel}","templated":true}]}}