{"id":2699,"date":"2022-08-24T07:42:13","date_gmt":"2022-08-24T07:42:13","guid":{"rendered":"https:\/\/anadragu.ro\/?page_id=2699"},"modified":"2022-08-29T04:44:55","modified_gmt":"2022-08-29T04:44:55","slug":"texte-blog","status":"publish","type":"page","link":"https:\/\/anadragu.ro\/en\/texte-blog\/","title":{"rendered":"Blog"},"content":{"rendered":"<div data-elementor-type=\"wp-page\" data-elementor-id=\"2699\" class=\"elementor elementor-2699\">\n\t\t\t\t\t\t\t\t\t<section class=\"elementor-section elementor-top-section elementor-element elementor-element-3b477c6 elementor-section-boxed elementor-section-height-default elementor-section-height-default\" data-id=\"3b477c6\" data-element_type=\"section\">\n\t\t\t\t\t\t<div class=\"elementor-container elementor-column-gap-default\">\n\t\t\t\t\t<div class=\"elementor-column elementor-col-100 elementor-top-column elementor-element elementor-element-23c31ab\" data-id=\"23c31ab\" data-element_type=\"column\">\n\t\t\t<div class=\"elementor-widget-wrap elementor-element-populated\">\n\t\t\t\t\t\t\t\t<div class=\"elementor-element elementor-element-2467787 elementor-widget elementor-widget-heading\" data-id=\"2467787\" data-element_type=\"widget\" data-settings=\"{&quot;vlt_wow_animation_name&quot;:&quot;none&quot;}\" data-widget_type=\"heading.default\">\n\t\t\t\t<div class=\"elementor-widget-container\">\n\t\t\t<style>\/*! elementor - v3.7.4 - 31-08-2022 *\/\n.elementor-heading-title{padding:0;margin:0;line-height:1}.elementor-widget-heading .elementor-heading-title[class*=elementor-size-]>a{color:inherit;font-size:inherit;line-height:inherit}.elementor-widget-heading .elementor-heading-title.elementor-size-small{font-size:15px}.elementor-widget-heading .elementor-heading-title.elementor-size-medium{font-size:19px}.elementor-widget-heading .elementor-heading-title.elementor-size-large{font-size:29px}.elementor-widget-heading .elementor-heading-title.elementor-size-xl{font-size:39px}.elementor-widget-heading .elementor-heading-title.elementor-size-xxl{font-size:59px}<\/style><h2 class=\"elementor-heading-title elementor-size-default\">Blog<\/h2>\t\t<\/div>\n\t\t\t\t<\/div>\n\t\t\t\t\t<\/div>\n\t\t<\/div>\n\t\t\t\t\t\t\t<\/div>\n\t\t<\/section>\n\t\t\t\t<section class=\"elementor-section elementor-top-section elementor-element elementor-element-82d66a9 elementor-section-boxed elementor-section-height-default elementor-section-height-default\" data-id=\"82d66a9\" data-element_type=\"section\">\n\t\t\t\t\t\t<div class=\"elementor-container elementor-column-gap-default\">\n\t\t\t\t\t<div class=\"elementor-column elementor-col-100 elementor-top-column elementor-element elementor-element-0e0a993\" data-id=\"0e0a993\" data-element_type=\"column\">\n\t\t\t<div class=\"elementor-widget-wrap elementor-element-populated\">\n\t\t\t\t\t\t\t\t<div class=\"elementor-element elementor-element-5311226 elementor-widget elementor-widget-eael-post-timeline\" data-id=\"5311226\" data-element_type=\"widget\" data-settings=\"{&quot;vlt_wow_animation_name&quot;:&quot;none&quot;}\" data-widget_type=\"eael-post-timeline.default\">\n\t\t\t\t<div class=\"elementor-widget-container\">\n\t\t\t<div id=\"eael-post-timeline-5311226\" class=\"eael-post-timeline timeline-layout-card eael-post-timeline-arrow-top\">\n            <div class=\"eael-post-timeline eael-post-appender eael-post-appender-5311226\"><article class=\"eael-timeline-post\">\n    <div class=\"eael-timeline-bullet\"><\/div>\n    <div class=\"eael-timeline-post-inner\">\n        <a class=\"eael-timeline-post-link\" href=\"https:\/\/anadragu.ro\/en\/miracol-sau-minciuna-cum-sa-nu-cazi-prada-celei-mai-periculoase-epidemii-ale-secolului-21-pseudostiinta\/\" title=\"MIRACOL sau MINCIUN\u0102? Cum s\u0103 nu cazi prad\u0103 celei mai periculoase epidemii ale secolului 21: PSEUDO\u0218TIIN\u021aA!\">\n            <time datetime=\"September 9, 2024\">September 9, 2024<\/time>\n            <div class=\"eael-timeline-post-image\" style=\"background-image: url(https:\/\/anadragu.ro\/wp-content\/uploads\/2024\/09\/stiinta-300x220.png)\"><\/div><div class=\"eael-timeline-content\"><div class=\"eael-timeline-post-title\">\n\t\t                    <h2>MIRACOL sau MINCIUN\u0102? Cum s\u0103 nu cazi prad\u0103 celei mai periculoase epidemii ale secolului 21: PSEUDO\u0218TIIN\u021aA!<\/h2>\n\t\t                <\/div><div class=\"eael-timeline-post-excerpt\"><p>\u201eCercet\u0103torii au descoperit\u2026\u201d sau cum folosesc \u0219arlatanii \u0219tiin\u021ba ca s\u0103 \u00ee\u021bi v\u00e2nd\u0103 iluzii Ai auzit vreodat\u0103 despre cura miraculoas\u0103 care vindec\u0103 toate bolile? Sau despre (cite\u0219te mai mult)<\/p><\/div><\/div><\/a>\n    <\/div>\n    <div class=\"eael-timeline-clear\"><\/div>\n<\/article><article class=\"eael-timeline-post\">\n    <div class=\"eael-timeline-bullet\"><\/div>\n    <div class=\"eael-timeline-post-inner\">\n        <a class=\"eael-timeline-post-link\" href=\"https:\/\/anadragu.ro\/en\/nu-acum-riscurile-ascunse-ale-terapiilor-cu-celule-stem-in-autism-esecuri-infectii-si-tumori\/\" title=\"NU ACUM: Riscurile ascunse ale terapiilor cu celule stem \u00een autism: e\u0219ecuri, infec\u021bii \u0219i tumori\">\n            <time datetime=\"August 30, 2024\">August 30, 2024<\/time>\n            <div class=\"eael-timeline-post-image\" style=\"background-image: url(https:\/\/anadragu.ro\/wp-content\/uploads\/2024\/08\/unnamed-1-300x300.png)\"><\/div><div class=\"eael-timeline-content\"><div class=\"eael-timeline-post-title\">\n\t\t                    <h2>NU ACUM: Riscurile ascunse ale terapiilor cu celule stem \u00een autism: e\u0219ecuri, infec\u021bii \u0219i tumori<\/h2>\n\t\t                <\/div><div class=\"eael-timeline-post-excerpt\"><p>Ghid esen\u021bial pentru p\u0103rin\u021bi Tulburarea de Spectru Autist (TSA) reprezint\u0103 o provocare major\u0103 at\u00e2t pentru copii, c\u00e2t \u0219i pentru p\u0103rin\u021bii lor. \u00cen c\u0103utarea unei solu\u021bii, (cite\u0219te mai mult)<\/p><\/div><\/div><\/a>\n    <\/div>\n    <div class=\"eael-timeline-clear\"><\/div>\n<\/article><article class=\"eael-timeline-post\">\n    <div class=\"eael-timeline-bullet\"><\/div>\n    <div class=\"eael-timeline-post-inner\">\n        <a class=\"eael-timeline-post-link\" href=\"https:\/\/anadragu.ro\/en\/diving-with-autism-a-story-from-the-red-sea\/\" title=\"Diving With Autism \u2013 A Story From the Red Sea\">\n            <time datetime=\"January 6, 2023\">January 6, 2023<\/time>\n            <div class=\"eael-timeline-post-image\" style=\"background-image: url(https:\/\/anadragu.ro\/wp-content\/uploads\/2023\/01\/16602061477661491940425-300x225.jpg)\"><\/div><div class=\"eael-timeline-content\"><div class=\"eael-timeline-post-title\">\n\t\t                    <h2>Diving With Autism \u2013 A Story From the Red Sea<\/h2>\n\t\t                <\/div><div class=\"eael-timeline-post-excerpt\"><p>Because there are not many testimonials of people with autism attempting scuba diving, I want to share a personal story, the journey my autistic son (cite\u0219te mai mult)<\/p><\/div><\/div><\/a>\n    <\/div>\n    <div class=\"eael-timeline-clear\"><\/div>\n<\/article><article class=\"eael-timeline-post\">\n    <div class=\"eael-timeline-bullet\"><\/div>\n    <div class=\"eael-timeline-post-inner\">\n        <a class=\"eael-timeline-post-link\" href=\"https:\/\/anadragu.ro\/en\/cat-de-adanca-e-dragostea-ta\/\" title=\"How Deep is your love?\">\n            <time datetime=\"September 1, 2022\">September 1, 2022<\/time>\n            <div class=\"eael-timeline-post-image\" style=\"background-image: url(https:\/\/anadragu.ro\/wp-content\/uploads\/2022\/09\/1659790843492617540274-300x225.jpg)\"><\/div><div class=\"eael-timeline-content\"><div class=\"eael-timeline-post-title\">\n\t\t                    <h2>How Deep is your love?<\/h2>\n\t\t                <\/div><div class=\"eael-timeline-post-excerpt\"><p>Diving is a state of mind. But achieving perfect equilibrium of the body and mind in the underwater kingdom requires training. One learns how to breath (read more)<\/p><\/div><\/div><\/a>\n    <\/div>\n    <div class=\"eael-timeline-clear\"><\/div>\n<\/article><article class=\"eael-timeline-post\">\n    <div class=\"eael-timeline-bullet\"><\/div>\n    <div class=\"eael-timeline-post-inner\">\n        <a class=\"eael-timeline-post-link\" href=\"https:\/\/anadragu.ro\/en\/psihoterapia-un-pas-esential-pentru-sanatatea-emotionala\/\" title=\"Psychotherapy - an essential step for emotional health\">\n            <time datetime=\"August 24, 2022\">August 24, 2022<\/time>\n            <div class=\"eael-timeline-post-image\" style=\"background-image: url(https:\/\/anadragu.ro\/wp-content\/uploads\/2022\/08\/man-sitting-psychologist-s-office-talking-about-problems-1-300x200.jpg)\"><\/div><div class=\"eael-timeline-content\"><div class=\"eael-timeline-post-title\">\n\t\t                    <h2>Psychotherapy - an essential step for emotional health<\/h2>\n\t\t                <\/div><div class=\"eael-timeline-post-excerpt\"><p>Some people begin therapy with a series of questions, ideas to share, memories to unpack, problems to solve, or a list of goals to achieve (read more)<\/p><\/div><\/div><\/a>\n    <\/div>\n    <div class=\"eael-timeline-clear\"><\/div>\n<\/article><article class=\"eael-timeline-post\">\n    <div class=\"eael-timeline-bullet\"><\/div>\n    <div class=\"eael-timeline-post-inner\">\n        <a class=\"eael-timeline-post-link\" href=\"https:\/\/anadragu.ro\/en\/am-nevoie-de-o-evaluare-psihologica\/\" title=\"Do I need a psychological evaluation?\">\n            <time datetime=\"August 24, 2022\">August 24, 2022<\/time>\n            <div class=\"eael-timeline-post-image\" style=\"background-image: url(https:\/\/anadragu.ro\/wp-content\/uploads\/2022\/08\/mid-shot-woman-therapist-taking-notes-clipboard-300x200.jpg)\"><\/div><div class=\"eael-timeline-content\"><div class=\"eael-timeline-post-title\">\n\t\t                    <h2>Do I need a psychological evaluation?<\/h2>\n\t\t                <\/div><div class=\"eael-timeline-post-excerpt\"><p>The path to mental health is different for everyone. You can start the process by talking to a psychiatrist, clinical psychologist or psychotherapist. (read more)<\/p><\/div><\/div><\/a>\n    <\/div>\n    <div class=\"eael-timeline-clear\"><\/div>\n<\/article><\/div>\n\t\t<\/div>\t\t<\/div>\n\t\t\t\t<\/div>\n\t\t\t\t\t<\/div>\n\t\t<\/div>\n\t\t\t\t\t\t\t<\/div>\n\t\t<\/section>\n\t\t\t\t\t\t\t<\/div>","protected":false},"excerpt":{"rendered":"<p>Blog August 24, 2022 Psihoterapia \u2013 un pas esential pentru s\u0103n\u0103tatea emo\u021bional\u0103 Unii oameni \u00eencep terapia cu o serie de \u00eentreb\u0103ri, idei de \u00eemp\u0103rt\u0103\u0219it, amintiri de despachetat, probleme la care caut\u0103 rezolvare sau o list\u0103 de obiective (cite\u0219te mai mult) August 24, 2022 Am nevoie de o evaluare psihologic\u0103? Calea c\u0103tre s\u0103n\u0103tatea mintal\u0103 este diferit\u0103<\/p>","protected":false},"author":1,"featured_media":0,"parent":0,"menu_order":0,"comment_status":"closed","ping_status":"closed","template":"elementor_header_footer","meta":{"_mi_skip_tracking":false},"_links":{"self":[{"href":"https:\/\/anadragu.ro\/en\/wp-json\/wp\/v2\/pages\/2699"}],"collection":[{"href":"https:\/\/anadragu.ro\/en\/wp-json\/wp\/v2\/pages"}],"about":[{"href":"https:\/\/anadragu.ro\/en\/wp-json\/wp\/v2\/types\/page"}],"author":[{"embeddable":true,"href":"https:\/\/anadragu.ro\/en\/wp-json\/wp\/v2\/users\/1"}],"replies":[{"embeddable":true,"href":"https:\/\/anadragu.ro\/en\/wp-json\/wp\/v2\/comments?post=2699"}],"version-history":[{"count":24,"href":"https:\/\/anadragu.ro\/en\/wp-json\/wp\/v2\/pages\/2699\/revisions"}],"predecessor-version":[{"id":3000,"href":"https:\/\/anadragu.ro\/en\/wp-json\/wp\/v2\/pages\/2699\/revisions\/3000"}],"wp:attachment":[{"href":"https:\/\/anadragu.ro\/en\/wp-json\/wp\/v2\/media?parent=2699"}],"curies":[{"name":"wp","href":"https:\/\/api.w.org\/{rel}","templated":true}]}}